{"id":83,"date":"2012-05-14T17:57:46","date_gmt":"2012-05-14T17:57:46","guid":{"rendered":"http:\/\/www.mickaelsangouard.com\/?page_id=83"},"modified":"2017-06-08T22:52:21","modified_gmt":"2017-06-08T22:52:21","slug":"entretiens-tailles-diverses","status":"publish","type":"page","link":"https:\/\/www.mickaelsangouard.com\/?page_id=83","title":{"rendered":"Entretiens jardin \u00e0 la fran\u00e7aise, tailles diverses"},"content":{"rendered":"<p>Entretiens jardin \u00e0 la fran\u00e7aise, tailles diverses\u00a0ngg_shortcode_0_placeholder<\/p>\n","protected":false},"excerpt":{"rendered":"<p>Entretiens jardin \u00e0 la fran\u00e7aise, tailles diverses\u00a0<\/p>\n","protected":false},"author":2,"featured_media":0,"parent":0,"menu_order":0,"comment_status":"closed","ping_status":"open","template":"","meta":{"ngg_post_thumbnail":0,"footnotes":""},"class_list":["post-83","page","type-page","status-publish","hentry"],"_links":{"self":[{"href":"https:\/\/www.mickaelsangouard.com\/index.php?rest_route=\/wp\/v2\/pages\/83","targetHints":{"allow":["GET"]}}],"collection":[{"href":"https:\/\/www.mickaelsangouard.com\/index.php?rest_route=\/wp\/v2\/pages"}],"about":[{"href":"https:\/\/www.mickaelsangouard.com\/index.php?rest_route=\/wp\/v2\/types\/page"}],"author":[{"embeddable":true,"href":"https:\/\/www.mickaelsangouard.com\/index.php?rest_route=\/wp\/v2\/users\/2"}],"replies":[{"embeddable":true,"href":"https:\/\/www.mickaelsangouard.com\/index.php?rest_route=%2Fwp%2Fv2%2Fcomments&post=83"}],"version-history":[{"count":4,"href":"https:\/\/www.mickaelsangouard.com\/index.php?rest_route=\/wp\/v2\/pages\/83\/revisions"}],"predecessor-version":[{"id":273,"href":"https:\/\/www.mickaelsangouard.com\/index.php?rest_route=\/wp\/v2\/pages\/83\/revisions\/273"}],"wp:attachment":[{"href":"https:\/\/www.mickaelsangouard.com\/index.php?rest_route=%2Fwp%2Fv2%2Fmedia&parent=83"}],"curies":[{"name":"wp","href":"https:\/\/api.w.org\/{rel}","templated":true}]}}